{"id":98,"date":"2022-04-17T11:47:00","date_gmt":"2022-04-17T11:47:00","guid":{"rendered":"https:\/\/inaspuling.com\/?page_id=98"},"modified":"2024-02-20T01:59:41","modified_gmt":"2024-02-20T01:59:41","slug":"start-ups","status":"publish","type":"page","link":"https:\/\/inaspuling.com\/en\/start-ups","title":{"rendered":"Start-UPs"},"content":{"rendered":"<p>[et_pb_section fb_built=&#8220;1&#8243; fullwidth=&#8220;on&#8220; admin_label=&#8220;Header&#8220; _builder_version=&#8220;4.17.4&#8243; _module_preset=&#8220;default&#8220; background_image=&#8220;https:\/\/inaspuling.com\/wp-content\/uploads\/2022\/04\/business-07.jpg&#8220; global_colors_info=&#8220;{}&#8220;][et_pb_fullwidth_header title=&#8220;Unternehmensberatung f\u00fcr Gr\u00fcnder &#038; Start-UPs&#8220; _builder_version=&#8220;4.17.3&#8243; _module_preset=&#8220;default&#8220; title_font=&#8220;Didact Gothic||||||||&#8220; title_text_align=&#8220;left&#8220; title_font_size=&#8220;40px&#8220; title_line_height=&#8220;1.3em&#8220; content_font=&#8220;||||||||&#8220; content_font_size=&#8220;16px&#8220; content_line_height=&#8220;2em&#8220; subhead_font=&#8220;Didact Gothic|700|||||||&#8220; subhead_text_align=&#8220;left&#8220; subhead_font_size=&#8220;17px&#8220; subhead_line_height=&#8220;3em&#8220; background_color=&#8220;rgba(0,0,0,0)&#8220; use_background_color_gradient=&#8220;on&#8220; background_color_gradient_direction=&#8220;265deg&#8220; background_color_gradient_stops=&#8220;rgba(102,133,221,0.37) 0%|rgba(31,31,71,0.81) 53%&#8220; background_color_gradient_start=&#8220;rgba(102,133,221,0.37)&#8220; background_color_gradient_end=&#8220;rgba(31,31,71,0.81)&#8220; background_color_gradient_end_position=&#8220;53%&#8220; custom_button_one=&#8220;on&#8220; button_one_text_size=&#8220;16px&#8220; button_one_text_color=&#8220;#ffffff&#8220; button_one_bg_color=&#8220;#914d1c&#8220; button_one_border_width=&#8220;8px&#8220; button_one_border_color=&#8220;rgba(0,0,0,0)&#8220; button_one_border_radius=&#8220;0px&#8220; button_one_letter_spacing=&#8220;3px&#8220; button_one_font=&#8220;Didact Gothic|700||on|||||&#8220; button_one_icon=&#8220;&#xe092;||divi||400&#8243; button_one_on_hover=&#8220;off&#8220; custom_button_two=&#8220;on&#8220; button_two_text_size=&#8220;16px&#8220; button_two_text_color=&#8220;#34587c&#8220; button_two_bg_color=&#8220;#ffffff&#8220; button_two_border_width=&#8220;8px&#8220; button_two_border_color=&#8220;rgba(0,0,0,0)&#8220; button_two_border_radius=&#8220;0px&#8220; button_two_letter_spacing=&#8220;3px&#8220; button_two_font=&#8220;Didact Gothic|700||on|||||&#8220; button_two_use_icon=&#8220;off&#8220; max_width=&#8220;50%&#8220; custom_margin=&#8220;-43px||-33px||false|false&#8220; custom_padding=&#8220;15vw||21vw|72px|false|false&#8220; custom_padding_tablet=&#8220;&#8220; custom_padding_phone=&#8220;||80px&#8220; custom_padding_last_edited=&#8220;on|phone&#8220; animation_style=&#8220;fade&#8220; animation_starting_opacity=&#8220;45%&#8220; title_font_size_tablet=&#8220;40px&#8220; title_font_size_phone=&#8220;30px&#8220; title_font_size_last_edited=&#8220;on|phone&#8220; subhead_font_size_tablet=&#8220;&#8220; subhead_font_size_phone=&#8220;18px&#8220; subhead_font_size_last_edited=&#8220;on|phone&#8220; global_colors_info=&#8220;{}&#8220;]<\/p>\n<div data-canvas-width=\"89.64799999999998\"><\/div>\n<div data-canvas-width=\"89.64799999999998\">\n<p>&nbsp;<\/p>\n<\/div>\n<p>[\/et_pb_fullwidth_header][\/et_pb_section][et_pb_section fb_built=&#8220;1&#8243; use_custom_gutter=&#8220;on&#8220; gutter_width=&#8220;1&#8243; specialty=&#8220;on&#8220; padding_top_2=&#8220;0px&#8220; padding_bottom_2=&#8220;0px&#8220; padding_top_bottom_link_2=&#8220;true&#8220; admin_label=&#8220;Video&#8220; module_class=&#8220; et_pb_specialty_fullwidth&#8220; _builder_version=&#8220;4.16&#8243; _module_preset=&#8220;default&#8220; inner_width=&#8220;100%&#8220; inner_width_tablet=&#8220;100%&#8220; inner_width_phone=&#8220;100%&#8220; inner_width_last_edited=&#8220;on|desktop&#8220; inner_max_width=&#8220;100%&#8220; inner_max_width_tablet=&#8220;100%&#8220; inner_max_width_phone=&#8220;100%&#8220; inner_max_width_last_edited=&#8220;on|desktop&#8220; custom_padding=&#8220;0|0px|0|0px|false|false&#8220; make_fullwidth=&#8220;on&#8220; global_colors_info=&#8220;{}&#8220;][et_pb_column type=&#8220;2_3&#8243; specialty_columns=&#8220;2&#8243; _builder_version=&#8220;4.16&#8243; _module_preset=&#8220;default&#8220; custom_padding=&#8220;|||&#8220; global_colors_info=&#8220;{}&#8220; custom_padding__hover=&#8220;|||&#8220;][et_pb_row_inner module_id=&#8220;inaspuling&#8220; _builder_version=&#8220;4.17.3&#8243; _module_preset=&#8220;default&#8220; background_color=&#8220;#ffffff&#8220; custom_margin=&#8220;-50px||&#8220; custom_padding=&#8220;4vw|12%|4vw|12%|true|true&#8220; box_shadow_style=&#8220;preset3&#8243; box_shadow_vertical=&#8220;-20px&#8220; box_shadow_blur=&#8220;70px&#8220; box_shadow_spread=&#8220;-15px&#8220; box_shadow_color=&#8220;rgba(0,0,0,0.12)&#8220; global_colors_info=&#8220;{}&#8220;][et_pb_column_inner saved_specialty_column_type=&#8220;2_3&#8243; _builder_version=&#8220;4.16&#8243; _module_preset=&#8220;default&#8220; custom_padding=&#8220;|||&#8220; global_colors_info=&#8220;{}&#8220; custom_padding__hover=&#8220;|||&#8220;][et_pb_text _builder_version=&#8220;4.17.3&#8243; _module_preset=&#8220;default&#8220; text_font=&#8220;||||||||&#8220; text_line_height=&#8220;2em&#8220; header_font=&#8220;||||||||&#8220; header_2_font=&#8220;Didact Gothic|||on|||||&#8220; header_2_text_color=&#8220;rgba(0,0,0,0.7)&#8220; header_2_font_size=&#8220;12px&#8220; header_2_letter_spacing=&#8220;0.5em&#8220; header_2_line_height=&#8220;2em&#8220; header_3_font=&#8220;Didact Gothic||||||||&#8220; header_3_text_color=&#8220;#000000&#8243; header_3_font_size=&#8220;36px&#8220; header_3_line_height=&#8220;1.5em&#8220; text_orientation=&#8220;center&#8220; max_width=&#8220;800px&#8220; module_alignment=&#8220;center&#8220; header_3_font_size_tablet=&#8220;30px&#8220; header_3_font_size_phone=&#8220;20px&#8220; header_3_font_size_last_edited=&#8220;on|desktop&#8220; locked=&#8220;off&#8220; global_colors_info=&#8220;{}&#8220; text_font_size__hover=&#8220;14px&#8220; text_font_size__hover_enabled=&#8220;14px&#8220; text_letter_spacing__hover=&#8220;0px&#8220; text_letter_spacing__hover_enabled=&#8220;0px&#8220; text_line_height__hover=&#8220;1.7em&#8220; text_line_height__hover_enabled=&#8220;1.7em&#8220; text_text_shadow_style__hover=&#8220;none&#8220; text_text_shadow_style__hover_enabled=&#8220;none&#8220; text_text_shadow_color__hover=&#8220;rgba(0,0,0,0.4)&#8220; text_text_shadow_color__hover_enabled=&#8220;rgba(0,0,0,0.4)&#8220; link_font_size__hover=&#8220;14px&#8220; link_font_size__hover_enabled=&#8220;14px&#8220; link_letter_spacing__hover=&#8220;0px&#8220; link_letter_spacing__hover_enabled=&#8220;0px&#8220; link_line_height__hover=&#8220;1em&#8220; link_line_height__hover_enabled=&#8220;1em&#8220; link_text_shadow_style__hover=&#8220;none&#8220; link_text_shadow_style__hover_enabled=&#8220;none&#8220; link_text_shadow_color__hover=&#8220;rgba(0,0,0,0.4)&#8220; link_text_shadow_color__hover_enabled=&#8220;rgba(0,0,0,0.4)&#8220; ul_font_size__hover=&#8220;14px&#8220; ul_font_size__hover_enabled=&#8220;14px&#8220; ul_letter_spacing__hover=&#8220;0px&#8220; ul_letter_spacing__hover_enabled=&#8220;0px&#8220; ul_line_height__hover=&#8220;1em&#8220; ul_line_height__hover_enabled=&#8220;1em&#8220; ul_text_shadow_style__hover=&#8220;none&#8220; ul_text_shadow_style__hover_enabled=&#8220;none&#8220; ul_text_shadow_color__hover=&#8220;rgba(0,0,0,0.4)&#8220; ul_text_shadow_color__hover_enabled=&#8220;rgba(0,0,0,0.4)&#8220; ol_font_size__hover=&#8220;14px&#8220; ol_font_size__hover_enabled=&#8220;14px&#8220; ol_letter_spacing__hover=&#8220;0px&#8220; ol_letter_spacing__hover_enabled=&#8220;0px&#8220; ol_line_height__hover=&#8220;1em&#8220; ol_line_height__hover_enabled=&#8220;1em&#8220; ol_text_shadow_style__hover=&#8220;none&#8220; ol_text_shadow_style__hover_enabled=&#8220;none&#8220; ol_text_shadow_color__hover=&#8220;rgba(0,0,0,0.4)&#8220; ol_text_shadow_color__hover_enabled=&#8220;rgba(0,0,0,0.4)&#8220; quote_font_size__hover=&#8220;14px&#8220; quote_font_size__hover_enabled=&#8220;14px&#8220; quote_letter_spacing__hover=&#8220;0px&#8220; quote_letter_spacing__hover_enabled=&#8220;0px&#8220; quote_line_height__hover=&#8220;1em&#8220; quote_line_height__hover_enabled=&#8220;1em&#8220; quote_text_shadow_style__hover=&#8220;none&#8220; quote_text_shadow_style__hover_enabled=&#8220;none&#8220; quote_text_shadow_color__hover=&#8220;rgba(0,0,0,0.4)&#8220; quote_text_shadow_color__hover_enabled=&#8220;rgba(0,0,0,0.4)&#8220; text_orientation__hover=&#8220;left&#8220; text_orientation__hover_enabled=&#8220;left&#8220; background_layout__hover=&#8220;light&#8220; background_layout__hover_enabled=&#8220;light&#8220; use_background_color_gradient__hover=&#8220;off&#8220; use_background_color_gradient__hover_enabled=&#8220;off&#8220; background_color_gradient_start__hover=&#8220;#2b87da&#8220; background_color_gradient_start__hover_enabled=&#8220;#2b87da&#8220; background_color_gradient_end__hover=&#8220;#29c4a9&#8243; background_color_gradient_end__hover_enabled=&#8220;#29c4a9&#8243; background_color_gradient_type__hover=&#8220;linear&#8220; background_color_gradient_type__hover_enabled=&#8220;linear&#8220; background_color_gradient_direction__hover=&#8220;180deg&#8220; background_color_gradient_direction__hover_enabled=&#8220;180deg&#8220; background_color_gradient_direction_radial__hover=&#8220;center&#8220; background_color_gradient_direction_radial__hover_enabled=&#8220;center&#8220; background_color_gradient_start_position__hover=&#8220;0%&#8220; background_color_gradient_start_position__hover_enabled=&#8220;0%&#8220; background_color_gradient_end_position__hover=&#8220;100%&#8220; background_color_gradient_end_position__hover_enabled=&#8220;100%&#8220; background_color_gradient_overlays_image__hover=&#8220;off&#8220; background_color_gradient_overlays_image__hover_enabled=&#8220;off&#8220; parallax__hover=&#8220;off&#8220; parallax__hover_enabled=&#8220;off&#8220; parallax_method__hover=&#8220;on&#8220; parallax_method__hover_enabled=&#8220;on&#8220; background_size__hover=&#8220;cover&#8220; background_size__hover_enabled=&#8220;cover&#8220; background_position__hover=&#8220;center&#8220; background_position__hover_enabled=&#8220;center&#8220; background_repeat__hover=&#8220;no-repeat&#8220; background_repeat__hover_enabled=&#8220;no-repeat&#8220; background_blend__hover=&#8220;normal&#8220; background_blend__hover_enabled=&#8220;normal&#8220; allow_player_pause__hover=&#8220;off&#8220; allow_player_pause__hover_enabled=&#8220;off&#8220; background_video_pause_outside_viewport__hover=&#8220;on&#8220; background_video_pause_outside_viewport__hover_enabled=&#8220;on&#8220; header_font_size__hover=&#8220;30px&#8220; header_font_size__hover_enabled=&#8220;30px&#8220; header_letter_spacing__hover=&#8220;0px&#8220; header_letter_spacing__hover_enabled=&#8220;0px&#8220; header_text_shadow_style__hover=&#8220;none&#8220; header_text_shadow_style__hover_enabled=&#8220;none&#8220; header_text_shadow_color__hover=&#8220;rgba(0,0,0,0.4)&#8220; header_text_shadow_color__hover_enabled=&#8220;rgba(0,0,0,0.4)&#8220; header_4_font_size__hover=&#8220;18px&#8220; header_4_font_size__hover_enabled=&#8220;18px&#8220; header_4_letter_spacing__hover=&#8220;0px&#8220; header_4_letter_spacing__hover_enabled=&#8220;0px&#8220; header_4_line_height__hover=&#8220;1em&#8220; header_4_line_height__hover_enabled=&#8220;1em&#8220; header_4_text_shadow_style__hover=&#8220;none&#8220; header_4_text_shadow_style__hover_enabled=&#8220;none&#8220; header_4_text_shadow_color__hover=&#8220;rgba(0,0,0,0.4)&#8220; header_4_text_shadow_color__hover_enabled=&#8220;rgba(0,0,0,0.4)&#8220; header_6_font_size__hover=&#8220;14px&#8220; header_6_font_size__hover_enabled=&#8220;14px&#8220; header_6_letter_spacing__hover=&#8220;0px&#8220; header_6_letter_spacing__hover_enabled=&#8220;0px&#8220; header_6_line_height__hover=&#8220;1em&#8220; header_6_line_height__hover_enabled=&#8220;1em&#8220; header_6_text_shadow_style__hover=&#8220;none&#8220; header_6_text_shadow_style__hover_enabled=&#8220;none&#8220; header_6_text_shadow_color__hover=&#8220;rgba(0,0,0,0.4)&#8220; header_6_text_shadow_color__hover_enabled=&#8220;rgba(0,0,0,0.4)&#8220; header_5_font_size__hover=&#8220;16px&#8220; header_5_font_size__hover_enabled=&#8220;16px&#8220; header_5_letter_spacing__hover=&#8220;0px&#8220; header_5_letter_spacing__hover_enabled=&#8220;0px&#8220; header_5_line_height__hover=&#8220;1em&#8220; header_5_line_height__hover_enabled=&#8220;1em&#8220; header_5_text_shadow_style__hover=&#8220;none&#8220; header_5_text_shadow_style__hover_enabled=&#8220;none&#8220; header_5_text_shadow_color__hover=&#8220;rgba(0,0,0,0.4)&#8220; header_5_text_shadow_color__hover_enabled=&#8220;rgba(0,0,0,0.4)&#8220; background_color_gradient_stops__hover=&#8220;#2b87da 0%|#29c4a9 100%&#8220;]<\/p>\n<h2 style=\"text-align: left;\">Ihre Mission &amp; Vision<\/h2>\n<h3 style=\"text-align: left;\">Expertin f\u00fcr Organisationsdesign<\/h3>\n<p style=\"text-align: left;\">Gerade in der Anfangsphase eines Unternehmens finden sich Gr\u00fcnder vor gro\u00dfen Herausforderungen, wenn es um die Personalstrategie geht. Ganz oft wird das Thema vernachl\u00e4ssigt und nicht rechtzeitig eine gute Basis f\u00fcr den Personalbereich geschaffen, auf dem sich aufbauen l\u00e4sst wenn das Unternehmen schnell w\u00e4chst. Es geht ja nicht nur um Themen der Rekrutierung, noch wichtiger werden dann Organisationsentwicklung, Strukturen, Karrierepfade, Employer Branding und Retention-Programme, um die guten Mitarbeiter zu entwickeln und zu halten.<\/p>\n<p style=\"text-align: left;\">Das wird dann meist panisch versucht einzuf\u00fchren, wenn das junge Unternehmen schon gut gewachsen ist und man sich ersten Herausforderungen im People-Bereich gegen\u00fcbersieht.<\/p>\n<p style=\"text-align: left;\">Wichtig w\u00e4re, rechtzeitig an seine HR-Strategie zu denken, auch wenn das Geld f\u00fcr Headcount ggf noch fehlt. Hier kann Ina als Unternehmensberaterin und Interimmanagerin schnell und agil helfen. Beim Layout f\u00fcr das optimale setting der People and Culture-Abteilung, beim Aufsetzen von praktischen Prozessen, Einstellen der richtigen Mitarbeiter und \u00dcbergabe des Projektes an einen HR Manager, sobald das Hiring m\u00f6glich ist.<\/p>\n<p style=\"text-align: left;\">Ina Spuling vereint Erfahrung in fast-paced Environments, chaotischen Strukturen wie auch Konzernstrukturen und kann die Essenz dieser Organisationsformen optimal an Ihre Unternehmen einbringen.\u00a0<\/p>\n<p>[\/et_pb_text][et_pb_button button_url=&#8220;\/#kontakt&#8220; button_text=&#8220;jetzt Kontakt aufnehmen&#8220; button_alignment=&#8220;center&#8220; _builder_version=&#8220;4.17.4&#8243; _module_preset=&#8220;default&#8220; custom_button=&#8220;on&#8220; button_text_size=&#8220;16px&#8220; button_text_color=&#8220;#34587c&#8220; button_bg_color=&#8220;rgba(234,114,74,0)&#8220; button_border_width=&#8220;8px&#8220; button_border_color=&#8220;rgba(0,0,0,0)&#8220; button_border_radius=&#8220;0px&#8220; button_letter_spacing=&#8220;3px&#8220; button_font=&#8220;Didact Gothic|700||on|||||&#8220; button_use_icon=&#8220;off&#8220; custom_margin=&#8220;40px||&#8220; box_shadow_style=&#8220;preset5&#8243; box_shadow_vertical=&#8220;0px&#8220; box_shadow_spread=&#8220;2px&#8220; box_shadow_color=&#8220;#866943&#8243; locked=&#8220;off&#8220; global_colors_info=&#8220;{}&#8220;][\/et_pb_button][\/et_pb_column_inner][\/et_pb_row_inner][\/et_pb_column][et_pb_column type=&#8220;1_3&#8243; _builder_version=&#8220;4.16&#8243; _module_preset=&#8220;default&#8220; custom_padding=&#8220;|||&#8220; global_colors_info=&#8220;{}&#8220; custom_padding__hover=&#8220;|||&#8220;][et_pb_image src=&#8220;http:\/\/inaspuling.com\/wp-content\/uploads\/2022\/04\/speak2-scaled.jpeg&#8220; title_text=&#8220;speak2&#8243; _builder_version=&#8220;4.17.1&#8243; _module_preset=&#8220;default&#8220; border_width_all=&#8220;2px&#8220; border_color_top=&#8220;#FFFFFF&#8220; border_color_bottom=&#8220;#ffffff&#8220; global_colors_info=&#8220;{}&#8220;][\/et_pb_image][et_pb_image src=&#8220;https:\/\/inaspuling.com\/wp-content\/uploads\/2022\/04\/220325193051_Dominik-PFAU_17752-scaled-e1654844892783.jpg&#8220; title_text=&#8220;Ina Spuling auf der B\u00fchne als Speaker&#8220; _builder_version=&#8220;4.17.4&#8243; _module_preset=&#8220;default&#8220; border_width_all=&#8220;2px&#8220; border_color_top=&#8220;#FFFFFF&#8220; border_color_bottom=&#8220;#ffffff&#8220; global_colors_info=&#8220;{}&#8220;][\/et_pb_image][\/et_pb_column][\/et_pb_section][et_pb_section fb_built=&#8220;1&#8243; _builder_version=&#8220;4.17.3&#8243; _module_preset=&#8220;default&#8220; global_colors_info=&#8220;{}&#8220;][et_pb_row _builder_version=&#8220;4.17.3&#8243; _module_preset=&#8220;default&#8220; global_colors_info=&#8220;{}&#8220;][et_pb_column type=&#8220;4_4&#8243; _builder_version=&#8220;4.17.3&#8243; _module_preset=&#8220;default&#8220; global_colors_info=&#8220;{}&#8220;][et_pb_cta title=&#8220;Dein Warum folgt der Freude, dann folgt Deine Freude auch Deinem Warum\u2026&#8220; _builder_version=&#8220;4.17.3&#8243; _module_preset=&#8220;default&#8220; header_font_size=&#8220;20px&#8220; custom_padding=&#8220;||10px|||&#8220; global_colors_info=&#8220;{}&#8220;][\/et_pb_cta][\/et_pb_column][\/et_pb_row][\/et_pb_section]<\/p>\n","protected":false},"excerpt":{"rendered":"<p>&nbsp; Ihre Mission &amp; Vision Expertin f\u00fcr Organisationsdesign Gerade in der Anfangsphase eines Unternehmens finden sich Gr\u00fcnder vor gro\u00dfen Herausforderungen, wenn es um die Personalstrategie geht. Ganz oft wird das Thema vernachl\u00e4ssigt und nicht rechtzeitig eine gute Basis f\u00fcr den Personalbereich geschaffen, auf dem sich aufbauen l\u00e4sst wenn das Unternehmen schnell w\u00e4chst. Es geht ja [&hellip;]<\/p>\n","protected":false},"author":1,"featured_media":0,"parent":0,"menu_order":0,"comment_status":"closed","ping_status":"closed","template":"","meta":{"_et_pb_use_builder":"on","_et_pb_old_content":"","_et_gb_content_width":"","footnotes":""},"class_list":["post-98","page","type-page","status-publish","hentry"],"yoast_head":"<!-- This site is optimized with the Yoast SEO plugin v27.4 - https:\/\/yoast.com\/product\/yoast-seo-wordpress\/ -->\n<title>Unternehmensgeratung f\u00fcr Gr\u00fcnder &amp; Start-UPs - Ina Spuling<\/title>\n<meta name=\"description\" content=\"Ina ist Expertin f\u00fcr Organisationsdesign. Gerade in der Anfangsphase eines Unternehmens finden sich Gr\u00fcnder vor gro\u00dfen Herausforderungen.\" \/>\n<meta name=\"robots\" content=\"index, follow, max-snippet:-1, max-image-preview:large, max-video-preview:-1\" \/>\n<link rel=\"canonical\" href=\"https:\/\/inaspuling.com\/en\/start-ups\/\" \/>\n<meta property=\"og:locale\" content=\"en_US\" \/>\n<meta property=\"og:type\" content=\"article\" \/>\n<meta property=\"og:title\" content=\"Unternehmensgeratung f\u00fcr Gr\u00fcnder &amp; Start-UPs - Ina Spuling\" \/>\n<meta property=\"og:description\" content=\"Ina ist Expertin f\u00fcr Organisationsdesign. Gerade in der Anfangsphase eines Unternehmens finden sich Gr\u00fcnder vor gro\u00dfen Herausforderungen.\" \/>\n<meta property=\"og:url\" content=\"https:\/\/inaspuling.com\/en\/start-ups\/\" \/>\n<meta property=\"og:site_name\" content=\"Ina Spuling | Expertin f\u00fcr Personalmanagement\" \/>\n<meta property=\"article:modified_time\" content=\"2024-02-20T01:59:41+00:00\" \/>\n<meta name=\"twitter:card\" content=\"summary_large_image\" \/>\n<meta name=\"twitter:label1\" content=\"Est. reading time\" \/>\n\t<meta name=\"twitter:data1\" content=\"4 minutes\" \/>\n<script type=\"application\/ld+json\" class=\"yoast-schema-graph\">{\"@context\":\"https:\\\/\\\/schema.org\",\"@graph\":[{\"@type\":\"WebPage\",\"@id\":\"https:\\\/\\\/inaspuling.com\\\/start-ups\",\"url\":\"https:\\\/\\\/inaspuling.com\\\/start-ups\",\"name\":\"Unternehmensgeratung f\u00fcr Gr\u00fcnder & Start-UPs - Ina Spuling\",\"isPartOf\":{\"@id\":\"https:\\\/\\\/inaspuling.com\\\/#website\"},\"datePublished\":\"2022-04-17T11:47:00+00:00\",\"dateModified\":\"2024-02-20T01:59:41+00:00\",\"description\":\"Ina ist Expertin f\u00fcr Organisationsdesign. Gerade in der Anfangsphase eines Unternehmens finden sich Gr\u00fcnder vor gro\u00dfen Herausforderungen.\",\"breadcrumb\":{\"@id\":\"https:\\\/\\\/inaspuling.com\\\/start-ups#breadcrumb\"},\"inLanguage\":\"en-US\",\"potentialAction\":[{\"@type\":\"ReadAction\",\"target\":[\"https:\\\/\\\/inaspuling.com\\\/start-ups\"]}]},{\"@type\":\"BreadcrumbList\",\"@id\":\"https:\\\/\\\/inaspuling.com\\\/start-ups#breadcrumb\",\"itemListElement\":[{\"@type\":\"ListItem\",\"position\":1,\"name\":\"Startseite\",\"item\":\"https:\\\/\\\/inaspuling.com\\\/\"},{\"@type\":\"ListItem\",\"position\":2,\"name\":\"Start-UPs\"}]},{\"@type\":\"WebSite\",\"@id\":\"https:\\\/\\\/inaspuling.com\\\/#website\",\"url\":\"https:\\\/\\\/inaspuling.com\\\/\",\"name\":\"Ina Spuling | Expertin f\u00fcr Personalmanagement\",\"description\":\"People and Culture | Speaker | Career Coaching\",\"potentialAction\":[{\"@type\":\"SearchAction\",\"target\":{\"@type\":\"EntryPoint\",\"urlTemplate\":\"https:\\\/\\\/inaspuling.com\\\/?s={search_term_string}\"},\"query-input\":{\"@type\":\"PropertyValueSpecification\",\"valueRequired\":true,\"valueName\":\"search_term_string\"}}],\"inLanguage\":\"en-US\"}]}<\/script>\n<!-- \/ Yoast SEO plugin. -->","yoast_head_json":{"title":"Unternehmensgeratung f\u00fcr Gr\u00fcnder & Start-UPs - Ina Spuling","description":"Ina ist Expertin f\u00fcr Organisationsdesign. Gerade in der Anfangsphase eines Unternehmens finden sich Gr\u00fcnder vor gro\u00dfen Herausforderungen.","robots":{"index":"index","follow":"follow","max-snippet":"max-snippet:-1","max-image-preview":"max-image-preview:large","max-video-preview":"max-video-preview:-1"},"canonical":"https:\/\/inaspuling.com\/en\/start-ups\/","og_locale":"en_US","og_type":"article","og_title":"Unternehmensgeratung f\u00fcr Gr\u00fcnder & Start-UPs - Ina Spuling","og_description":"Ina ist Expertin f\u00fcr Organisationsdesign. Gerade in der Anfangsphase eines Unternehmens finden sich Gr\u00fcnder vor gro\u00dfen Herausforderungen.","og_url":"https:\/\/inaspuling.com\/en\/start-ups\/","og_site_name":"Ina Spuling | Expertin f\u00fcr Personalmanagement","article_modified_time":"2024-02-20T01:59:41+00:00","twitter_card":"summary_large_image","twitter_misc":{"Est. reading time":"4 minutes"},"schema":{"@context":"https:\/\/schema.org","@graph":[{"@type":"WebPage","@id":"https:\/\/inaspuling.com\/start-ups","url":"https:\/\/inaspuling.com\/start-ups","name":"Unternehmensgeratung f\u00fcr Gr\u00fcnder & Start-UPs - Ina Spuling","isPartOf":{"@id":"https:\/\/inaspuling.com\/#website"},"datePublished":"2022-04-17T11:47:00+00:00","dateModified":"2024-02-20T01:59:41+00:00","description":"Ina ist Expertin f\u00fcr Organisationsdesign. Gerade in der Anfangsphase eines Unternehmens finden sich Gr\u00fcnder vor gro\u00dfen Herausforderungen.","breadcrumb":{"@id":"https:\/\/inaspuling.com\/start-ups#breadcrumb"},"inLanguage":"en-US","potentialAction":[{"@type":"ReadAction","target":["https:\/\/inaspuling.com\/start-ups"]}]},{"@type":"BreadcrumbList","@id":"https:\/\/inaspuling.com\/start-ups#breadcrumb","itemListElement":[{"@type":"ListItem","position":1,"name":"Startseite","item":"https:\/\/inaspuling.com\/"},{"@type":"ListItem","position":2,"name":"Start-UPs"}]},{"@type":"WebSite","@id":"https:\/\/inaspuling.com\/#website","url":"https:\/\/inaspuling.com\/","name":"Ina Spuling | Expertin f\u00fcr Personalmanagement","description":"People and Culture | Speaker | Career Coaching","potentialAction":[{"@type":"SearchAction","target":{"@type":"EntryPoint","urlTemplate":"https:\/\/inaspuling.com\/?s={search_term_string}"},"query-input":{"@type":"PropertyValueSpecification","valueRequired":true,"valueName":"search_term_string"}}],"inLanguage":"en-US"}]}},"_links":{"self":[{"href":"https:\/\/inaspuling.com\/en\/wp-json\/wp\/v2\/pages\/98","targetHints":{"allow":["GET"]}}],"collection":[{"href":"https:\/\/inaspuling.com\/en\/wp-json\/wp\/v2\/pages"}],"about":[{"href":"https:\/\/inaspuling.com\/en\/wp-json\/wp\/v2\/types\/page"}],"author":[{"embeddable":true,"href":"https:\/\/inaspuling.com\/en\/wp-json\/wp\/v2\/users\/1"}],"replies":[{"embeddable":true,"href":"https:\/\/inaspuling.com\/en\/wp-json\/wp\/v2\/comments?post=98"}],"version-history":[{"count":10,"href":"https:\/\/inaspuling.com\/en\/wp-json\/wp\/v2\/pages\/98\/revisions"}],"predecessor-version":[{"id":490,"href":"https:\/\/inaspuling.com\/en\/wp-json\/wp\/v2\/pages\/98\/revisions\/490"}],"wp:attachment":[{"href":"https:\/\/inaspuling.com\/en\/wp-json\/wp\/v2\/media?parent=98"}],"curies":[{"name":"wp","href":"https:\/\/api.w.org\/{rel}","templated":true}]}}